{"id":139,"date":"2021-10-18T17:14:57","date_gmt":"2021-10-18T15:14:57","guid":{"rendered":"http:\/\/vinmesserli.com\/?page_id=139"},"modified":"2021-11-08T15:58:11","modified_gmt":"2021-11-08T14:58:11","slug":"nos-produits","status":"publish","type":"page","link":"https:\/\/vinmesserli.com\/?page_id=139","title":{"rendered":"Nos Vins &#038; Jus"},"content":{"rendered":"\t\t<div data-elementor-type=\"wp-page\" data-elementor-id=\"139\" class=\"elementor elementor-139\">\n\t\t\t\t\t\t\t\t\t<section class=\"elementor-section elementor-top-section elementor-element elementor-element-b3bf8bb elementor-section-boxed elementor-section-height-default elementor-section-height-default\" data-id=\"b3bf8bb\" data-element_type=\"section\">\n\t\t\t\t\t\t<div class=\"elementor-container elementor-column-gap-default\">\n\t\t\t\t\t<div class=\"elementor-column elementor-col-100 elementor-top-column elementor-element elementor-element-2a0bc5e\" data-id=\"2a0bc5e\" data-element_type=\"column\">\n\t\t\t<div class=\"elementor-widget-wrap elementor-element-populated\">\n\t\t\t\t\t\t\t\t<div class=\"elementor-element elementor-element-97e8001 elementor-widget elementor-widget-spacer\" data-id=\"97e8001\" data-element_type=\"widget\" data-widget_type=\"spacer.default\">\n\t\t\t\t<div class=\"elementor-widget-container\">\n\t\t\t<style>\/*! elementor - v3.12.2 - 23-04-2023 *\/\n.elementor-column .elementor-spacer-inner{height:var(--spacer-size)}.e-con{--container-widget-width:100%}.e-con-inner>.elementor-widget-spacer,.e-con>.elementor-widget-spacer{width:var(--container-widget-width,var(--spacer-size));--align-self:var(--container-widget-align-self,initial);--flex-shrink:0}.e-con-inner>.elementor-widget-spacer>.elementor-widget-container,.e-con-inner>.elementor-widget-spacer>.elementor-widget-container>.elementor-spacer,.e-con>.elementor-widget-spacer>.elementor-widget-container,.e-con>.elementor-widget-spacer>.elementor-widget-container>.elementor-spacer{height:100%}.e-con-inner>.elementor-widget-spacer>.elementor-widget-container>.elementor-spacer>.elementor-spacer-inner,.e-con>.elementor-widget-spacer>.elementor-widget-container>.elementor-spacer>.elementor-spacer-inner{height:var(--container-widget-height,var(--spacer-size))}<\/style>\t\t<div class=\"elementor-spacer\">\n\t\t\t<div class=\"elementor-spacer-inner\"><\/div>\n\t\t<\/div>\n\t\t\t\t<\/div>\n\t\t\t\t<\/div>\n\t\t\t\t\t<\/div>\n\t\t<\/div>\n\t\t\t\t\t\t\t<\/div>\n\t\t<\/section>\n\t\t\t\t<section class=\"elementor-section elementor-top-section elementor-element elementor-element-b2b6421 elementor-section-boxed elementor-section-height-default elementor-section-height-default\" data-id=\"b2b6421\" data-element_type=\"section\">\n\t\t\t\t\t\t<div class=\"elementor-container elementor-column-gap-default\">\n\t\t\t\t\t<div class=\"elementor-column elementor-col-50 elementor-top-column elementor-element elementor-element-a516a30\" data-id=\"a516a30\" data-element_type=\"column\">\n\t\t\t<div class=\"elementor-widget-wrap elementor-element-populated\">\n\t\t\t\t\t\t\t\t<div class=\"elementor-element elementor-element-07d3bc9 elementor-widget elementor-widget-image\" data-id=\"07d3bc9\" data-element_type=\"widget\" data-widget_type=\"image.default\">\n\t\t\t\t<div class=\"elementor-widget-container\">\n\t\t\t<style>\/*! elementor - v3.12.2 - 23-04-2023 *\/\n.elementor-widget-image{text-align:center}.elementor-widget-image a{display:inline-block}.elementor-widget-image a img[src$=\".svg\"]{width:48px}.elementor-widget-image img{vertical-align:middle;display:inline-block}<\/style>\t\t\t\t\t\t\t\t\t\t\t\t<img width=\"745\" height=\"1024\" src=\"https:\/\/vinmesserli.com\/wp-content\/uploads\/2021\/10\/visuels-site-745x1024.jpg\" class=\"attachment-large size-large wp-image-215\" alt=\"\" loading=\"lazy\" srcset=\"https:\/\/vinmesserli.com\/wp-content\/uploads\/2021\/10\/visuels-site-745x1024.jpg 745w, https:\/\/vinmesserli.com\/wp-content\/uploads\/2021\/10\/visuels-site-218x300.jpg 218w, https:\/\/vinmesserli.com\/wp-content\/uploads\/2021\/10\/visuels-site-768x1056.jpg 768w, https:\/\/vinmesserli.com\/wp-content\/uploads\/2021\/10\/visuels-site.jpg 945w\" sizes=\"(max-width: 745px) 100vw, 745px\" \/>\t\t\t\t\t\t\t\t\t\t\t\t\t\t\t<\/div>\n\t\t\t\t<\/div>\n\t\t\t\t\t<\/div>\n\t\t<\/div>\n\t\t\t\t<div class=\"elementor-column elementor-col-50 elementor-top-column elementor-element elementor-element-edf06df\" data-id=\"edf06df\" data-element_type=\"column\">\n\t\t\t<div class=\"elementor-widget-wrap elementor-element-populated\">\n\t\t\t\t\t\t\t\t<div class=\"elementor-element elementor-element-134d367 elementor-invisible elementor-widget elementor-widget-heading\" data-id=\"134d367\" data-element_type=\"widget\" data-settings=\"{&quot;_animation&quot;:&quot;fadeInDown&quot;}\" data-widget_type=\"heading.default\">\n\t\t\t\t<div class=\"elementor-widget-container\">\n\t\t\t<style>\/*! elementor - v3.12.2 - 23-04-2023 *\/\n.elementor-heading-title{padding:0;margin:0;line-height:1}.elementor-widget-heading .elementor-heading-title[class*=elementor-size-]>a{color:inherit;font-size:inherit;line-height:inherit}.elementor-widget-heading .elementor-heading-title.elementor-size-small{font-size:15px}.elementor-widget-heading .elementor-heading-title.elementor-size-medium{font-size:19px}.elementor-widget-heading .elementor-heading-title.elementor-size-large{font-size:29px}.elementor-widget-heading .elementor-heading-title.elementor-size-xl{font-size:39px}.elementor-widget-heading .elementor-heading-title.elementor-size-xxl{font-size:59px}<\/style><h2 class=\"elementor-heading-title elementor-size-default\">Vins et Jus p\u00e9tillants<\/h2>\t\t<\/div>\n\t\t\t\t<\/div>\n\t\t\t\t<div class=\"elementor-element elementor-element-0dfdadc elementor-widget-divider--view-line elementor-widget elementor-widget-divider\" data-id=\"0dfdadc\" data-element_type=\"widget\" data-widget_type=\"divider.default\">\n\t\t\t\t<div class=\"elementor-widget-container\">\n\t\t\t<style>\/*! elementor - v3.12.2 - 23-04-2023 *\/\n.elementor-widget-divider{--divider-border-style:none;--divider-border-width:1px;--divider-color:#0c0d0e;--divider-icon-size:20px;--divider-element-spacing:10px;--divider-pattern-height:24px;--divider-pattern-size:20px;--divider-pattern-url:none;--divider-pattern-repeat:repeat-x}.elementor-widget-divider .elementor-divider{display:flex}.elementor-widget-divider .elementor-divider__text{font-size:15px;line-height:1;max-width:95%}.elementor-widget-divider .elementor-divider__element{margin:0 var(--divider-element-spacing);flex-shrink:0}.elementor-widget-divider .elementor-icon{font-size:var(--divider-icon-size)}.elementor-widget-divider .elementor-divider-separator{display:flex;margin:0;direction:ltr}.elementor-widget-divider--view-line_icon .elementor-divider-separator,.elementor-widget-divider--view-line_text .elementor-divider-separator{align-items:center}.elementor-widget-divider--view-line_icon .elementor-divider-separator:after,.elementor-widget-divider--view-line_icon .elementor-divider-separator:before,.elementor-widget-divider--view-line_text .elementor-divider-separator:after,.elementor-widget-divider--view-line_text .elementor-divider-separator:before{display:block;content:\"\";border-bottom:0;flex-grow:1;border-top:var(--divider-border-width) var(--divider-border-style) var(--divider-color)}.elementor-widget-divider--element-align-left .elementor-divider .elementor-divider-separator>.elementor-divider__svg:first-of-type{flex-grow:0;flex-shrink:100}.elementor-widget-divider--element-align-left .elementor-divider-separator:before{content:none}.elementor-widget-divider--element-align-left .elementor-divider__element{margin-left:0}.elementor-widget-divider--element-align-right .elementor-divider .elementor-divider-separator>.elementor-divider__svg:last-of-type{flex-grow:0;flex-shrink:100}.elementor-widget-divider--element-align-right .elementor-divider-separator:after{content:none}.elementor-widget-divider--element-align-right .elementor-divider__element{margin-right:0}.elementor-widget-divider:not(.elementor-widget-divider--view-line_text):not(.elementor-widget-divider--view-line_icon) .elementor-divider-separator{border-top:var(--divider-border-width) var(--divider-border-style) var(--divider-color)}.elementor-widget-divider--separator-type-pattern{--divider-border-style:none}.elementor-widget-divider--separator-type-pattern.elementor-widget-divider--view-line .elementor-divider-separator,.elementor-widget-divider--separator-type-pattern:not(.elementor-widget-divider--view-line) .elementor-divider-separator:after,.elementor-widget-divider--separator-type-pattern:not(.elementor-widget-divider--view-line) .elementor-divider-separator:before,.elementor-widget-divider--separator-type-pattern:not([class*=elementor-widget-divider--view]) .elementor-divider-separator{width:100%;min-height:var(--divider-pattern-height);-webkit-mask-size:var(--divider-pattern-size) 100%;mask-size:var(--divider-pattern-size) 100%;-webkit-mask-repeat:var(--divider-pattern-repeat);mask-repeat:var(--divider-pattern-repeat);background-color:var(--divider-color);-webkit-mask-image:var(--divider-pattern-url);mask-image:var(--divider-pattern-url)}.elementor-widget-divider--no-spacing{--divider-pattern-size:auto}.elementor-widget-divider--bg-round{--divider-pattern-repeat:round}.rtl .elementor-widget-divider .elementor-divider__text{direction:rtl}.e-con-inner>.elementor-widget-divider,.e-con>.elementor-widget-divider{width:var(--container-widget-width,100%);--flex-grow:var(--container-widget-flex-grow)}<\/style>\t\t<div class=\"elementor-divider\">\n\t\t\t<span class=\"elementor-divider-separator\">\n\t\t\t\t\t\t<\/span>\n\t\t<\/div>\n\t\t\t\t<\/div>\n\t\t\t\t<\/div>\n\t\t\t\t<div class=\"elementor-element elementor-element-950d192 elementor-widget elementor-widget-heading\" data-id=\"950d192\" data-element_type=\"widget\" data-widget_type=\"heading.default\">\n\t\t\t\t<div class=\"elementor-widget-container\">\n\t\t\t<h2 class=\"elementor-heading-title elementor-size-default\">Vous retrouverez l'int\u00e9gralit\u00e9 de nos vins dans notre caveau \u00e0 Cerdon.<\/h2>\t\t<\/div>\n\t\t\t\t<\/div>\n\t\t\t\t<div class=\"elementor-element elementor-element-aaa4ba7 elementor-widget elementor-widget-heading\" data-id=\"aaa4ba7\" data-element_type=\"widget\" data-widget_type=\"heading.default\">\n\t\t\t\t<div class=\"elementor-widget-container\">\n\t\t\t<h2 class=\"elementor-heading-title elementor-size-default\">LES BULLES :<\/h2>\t\t<\/div>\n\t\t\t\t<\/div>\n\t\t\t\t<div class=\"elementor-element elementor-element-9e9f3d9 elementor-widget elementor-widget-text-editor\" data-id=\"9e9f3d9\" data-element_type=\"widget\" data-widget_type=\"text-editor.default\">\n\t\t\t\t<div class=\"elementor-widget-container\">\n\t\t\t<style>\/*! elementor - v3.12.2 - 23-04-2023 *\/\n.elementor-widget-text-editor.elementor-drop-cap-view-stacked .elementor-drop-cap{background-color:#69727d;color:#fff}.elementor-widget-text-editor.elementor-drop-cap-view-framed .elementor-drop-cap{color:#69727d;border:3px solid;background-color:transparent}.elementor-widget-text-editor:not(.elementor-drop-cap-view-default) .elementor-drop-cap{margin-top:8px}.elementor-widget-text-editor:not(.elementor-drop-cap-view-default) .elementor-drop-cap-letter{width:1em;height:1em}.elementor-widget-text-editor .elementor-drop-cap{float:left;text-align:center;line-height:1;font-size:50px}.elementor-widget-text-editor .elementor-drop-cap-letter{display:inline-block}<\/style>\t\t\t\t<ul><li>Perle de l&rsquo;Ain Ros\u00e9 doux et sec<\/li><li>Perle de l&rsquo;Ain Blanc<\/li><li>M\u00e9thode Ancestrale<\/li><li>Raisin P\u00e9tillant (100% pur jus et sans alcool)<\/li><\/ul>\t\t\t\t\t\t<\/div>\n\t\t\t\t<\/div>\n\t\t\t\t<div class=\"elementor-element elementor-element-dd78690 elementor-widget elementor-widget-text-editor\" data-id=\"dd78690\" data-element_type=\"widget\" data-widget_type=\"text-editor.default\">\n\t\t\t\t<div class=\"elementor-widget-container\">\n\t\t\t\t\t\t\t<p>LES TRANQUILLES<\/p>\t\t\t\t\t\t<\/div>\n\t\t\t\t<\/div>\n\t\t\t\t<div class=\"elementor-element elementor-element-b818c02 elementor-widget elementor-widget-text-editor\" data-id=\"b818c02\" data-element_type=\"widget\" data-widget_type=\"text-editor.default\">\n\t\t\t\t<div class=\"elementor-widget-container\">\n\t\t\t\t\t\t\t<ul><li>Coeur de ros\u00e9<\/li><li>Gamay rouge \u00ab\u00a0cuv\u00e9e Andr\u00e9\u00a0\u00bb<\/li><\/ul>\t\t\t\t\t\t<\/div>\n\t\t\t\t<\/div>\n\t\t\t\t<div class=\"elementor-element elementor-element-17cd1ad elementor-widget elementor-widget-spacer\" data-id=\"17cd1ad\" data-element_type=\"widget\" data-widget_type=\"spacer.default\">\n\t\t\t\t<div class=\"elementor-widget-container\">\n\t\t\t\t\t<div class=\"elementor-spacer\">\n\t\t\t<div class=\"elementor-spacer-inner\"><\/div>\n\t\t<\/div>\n\t\t\t\t<\/div>\n\t\t\t\t<\/div>\n\t\t\t\t<div class=\"elementor-element elementor-element-569aad7 elementor-widget elementor-widget-google_maps\" data-id=\"569aad7\" data-element_type=\"widget\" data-widget_type=\"google_maps.default\">\n\t\t\t\t<div class=\"elementor-widget-container\">\n\t\t\t<style>\/*! elementor - v3.12.2 - 23-04-2023 *\/\n.elementor-widget-google_maps .elementor-widget-container{overflow:hidden}.elementor-widget-google_maps .elementor-custom-embed{line-height:0}.elementor-widget-google_maps iframe{height:300px}<\/style>\t\t<div class=\"elementor-custom-embed\">\n\t\t\t<iframe loading=\"lazy\"\n\t\t\t\t\tsrc=\"https:\/\/maps.google.com\/maps?q=355%20rue%20de%20la%20Grande%20C%C3%B4te%2001450&#038;t=m&#038;z=10&#038;output=embed&#038;iwloc=near\"\n\t\t\t\t\ttitle=\"355 rue de la Grande C\u00f4te 01450\"\n\t\t\t\t\taria-label=\"355 rue de la Grande C\u00f4te 01450\"\n\t\t\t><\/iframe>\n\t\t<\/div>\n\t\t\t\t<\/div>\n\t\t\t\t<\/div>\n\t\t\t\t\t<\/div>\n\t\t<\/div>\n\t\t\t\t\t\t\t<\/div>\n\t\t<\/section>\n\t\t\t\t<section class=\"elementor-section elementor-top-section elementor-element elementor-element-78fdaf6 elementor-section-boxed elementor-section-height-default elementor-section-height-default\" data-id=\"78fdaf6\" data-element_type=\"section\">\n\t\t\t\t\t\t<div class=\"elementor-container elementor-column-gap-default\">\n\t\t\t\t\t<div class=\"elementor-column elementor-col-100 elementor-top-column elementor-element elementor-element-45b722b\" data-id=\"45b722b\" data-element_type=\"column\">\n\t\t\t<div class=\"elementor-widget-wrap elementor-element-populated\">\n\t\t\t\t\t\t\t\t<div class=\"elementor-element elementor-element-2eec7ee elementor-widget elementor-widget-spacer\" data-id=\"2eec7ee\" data-element_type=\"widget\" data-widget_type=\"spacer.default\">\n\t\t\t\t<div class=\"elementor-widget-container\">\n\t\t\t\t\t<div class=\"elementor-spacer\">\n\t\t\t<div class=\"elementor-spacer-inner\"><\/div>\n\t\t<\/div>\n\t\t\t\t<\/div>\n\t\t\t\t<\/div>\n\t\t\t\t\t<\/div>\n\t\t<\/div>\n\t\t\t\t\t\t\t<\/div>\n\t\t<\/section>\n\t\t\t\t<section class=\"elementor-section elementor-top-section elementor-element elementor-element-b29f145 elementor-section-boxed elementor-section-height-default elementor-section-height-default\" data-id=\"b29f145\" data-element_type=\"section\" data-settings=\"{&quot;background_background&quot;:&quot;classic&quot;}\">\n\t\t\t\t\t\t<div class=\"elementor-container elementor-column-gap-default\">\n\t\t\t\t\t<div class=\"elementor-column elementor-col-100 elementor-top-column elementor-element elementor-element-73679b2\" data-id=\"73679b2\" data-element_type=\"column\">\n\t\t\t<div class=\"elementor-widget-wrap elementor-element-populated\">\n\t\t\t\t\t\t\t\t<div class=\"elementor-element elementor-element-d78fce2 elementor-widget elementor-widget-heading\" data-id=\"d78fce2\" data-element_type=\"widget\" data-widget_type=\"heading.default\">\n\t\t\t\t<div class=\"elementor-widget-container\">\n\t\t\t<h2 class=\"elementor-heading-title elementor-size-default\">D\u00e9tail et tarifs<\/h2>\t\t<\/div>\n\t\t\t\t<\/div>\n\t\t\t\t\t<\/div>\n\t\t<\/div>\n\t\t\t\t\t\t\t<\/div>\n\t\t<\/section>\n\t\t\t\t<section class=\"elementor-section elementor-top-section elementor-element elementor-element-8e30fd5 elementor-section-content-middle elementor-section-boxed elementor-section-height-default elementor-section-height-default\" data-id=\"8e30fd5\" data-element_type=\"section\" data-settings=\"{&quot;background_background&quot;:&quot;classic&quot;}\">\n\t\t\t\t\t\t<div class=\"elementor-container elementor-column-gap-default\">\n\t\t\t\t\t<div class=\"elementor-column elementor-col-50 elementor-top-column elementor-element elementor-element-86ef17b\" data-id=\"86ef17b\" data-element_type=\"column\">\n\t\t\t<div class=\"elementor-widget-wrap elementor-element-populated\">\n\t\t\t\t\t\t\t\t<div class=\"elementor-element elementor-element-9ed1735 elementor-widget__width-inherit elementor-invisible elementor-widget elementor-widget-image\" data-id=\"9ed1735\" data-element_type=\"widget\" data-settings=\"{&quot;_animation&quot;:&quot;fadeIn&quot;}\" data-widget_type=\"image.default\">\n\t\t\t\t<div class=\"elementor-widget-container\">\n\t\t\t\t\t\t\t\t\t\t\t\t\t\t\t<img width=\"2048\" height=\"1367\" src=\"https:\/\/vinmesserli.com\/wp-content\/uploads\/2021\/10\/Messerli2021-46-2048x1367.jpg\" class=\"attachment-2048x2048 size-2048x2048 wp-image-58\" alt=\"\" loading=\"lazy\" srcset=\"https:\/\/vinmesserli.com\/wp-content\/uploads\/2021\/10\/Messerli2021-46-2048x1367.jpg 2048w, https:\/\/vinmesserli.com\/wp-content\/uploads\/2021\/10\/Messerli2021-46-300x200.jpg 300w, https:\/\/vinmesserli.com\/wp-content\/uploads\/2021\/10\/Messerli2021-46-1024x684.jpg 1024w, https:\/\/vinmesserli.com\/wp-content\/uploads\/2021\/10\/Messerli2021-46-768x513.jpg 768w, https:\/\/vinmesserli.com\/wp-content\/uploads\/2021\/10\/Messerli2021-46-1536x1025.jpg 1536w\" sizes=\"(max-width: 2048px) 100vw, 2048px\" \/>\t\t\t\t\t\t\t\t\t\t\t\t\t\t\t<\/div>\n\t\t\t\t<\/div>\n\t\t\t\t\t<\/div>\n\t\t<\/div>\n\t\t\t\t<div class=\"elementor-column elementor-col-50 elementor-top-column elementor-element elementor-element-b7690f7\" data-id=\"b7690f7\" data-element_type=\"column\">\n\t\t\t<div class=\"elementor-widget-wrap elementor-element-populated\">\n\t\t\t\t\t\t\t\t<div class=\"elementor-element elementor-element-049566b elementor-widget elementor-widget-wp-widget-metaslider_widget\" data-id=\"049566b\" data-element_type=\"widget\" data-widget_type=\"wp-widget-metaslider_widget.default\">\n\t\t\t\t<div class=\"elementor-widget-container\">\n\t\t\t<h5> <\/h5><div id=\"metaslider-id-592\" style=\"width: 100%;\" class=\"ml-slider-3-40-0 metaslider metaslider-flex metaslider-592 ml-slider ms-theme-default\" role=\"region\" aria-roledescription=\"Slideshow\" aria-label=\"Nouveau diaporama\">\n    <div id=\"metaslider_container_592\">\n        <div id=\"metaslider_592\">\n            <ul aria-live=\"polite\" class=\"slides\">\n                <li style=\"display: block; width: 100%;\" class=\"slide-594 ms-image\" aria-roledescription=\"slide\" aria-label=\"slide-594\"><img loading=\"lazy\" src=\"https:\/\/vinmesserli.com\/wp-content\/uploads\/2025\/03\/visuels-vin_2025-400x300.jpg\" height=\"300\" width=\"400\" alt=\"\" class=\"slider-592 slide-594\" title=\"visuels vin_2025\" \/><\/li>\n                <li style=\"display: none; width: 100%;\" class=\"slide-602 ms-image\" aria-roledescription=\"slide\" aria-label=\"slide-602\"><img loading=\"lazy\" src=\"https:\/\/vinmesserli.com\/wp-content\/uploads\/2023\/05\/visuels-vin_20233-400x300.jpg\" height=\"300\" width=\"400\" alt=\"\" class=\"slider-592 slide-602\" title=\"visuels vin_20233\" \/><\/li>\n                <li style=\"display: none; width: 100%;\" class=\"slide-603 ms-image\" aria-roledescription=\"slide\" aria-label=\"slide-603\"><img loading=\"lazy\" src=\"https:\/\/vinmesserli.com\/wp-content\/uploads\/2025\/03\/visuels-vin_20232-400x300.jpg\" height=\"300\" width=\"400\" alt=\"\" class=\"slider-592 slide-603\" title=\"visuels vin_20232\" \/><\/li>\n                <li style=\"display: none; width: 100%;\" class=\"slide-604 ms-image\" aria-roledescription=\"slide\" aria-label=\"slide-604\"><img loading=\"lazy\" src=\"https:\/\/vinmesserli.com\/wp-content\/uploads\/2023\/05\/visuels-vin_20235-400x300.jpg\" height=\"300\" width=\"400\" alt=\"\" class=\"slider-592 slide-604\" title=\"visuels vin_20235\" \/><\/li>\n                <li style=\"display: none; width: 100%;\" class=\"slide-605 ms-image\" aria-roledescription=\"slide\" aria-label=\"slide-605\"><img loading=\"lazy\" src=\"https:\/\/vinmesserli.com\/wp-content\/uploads\/2023\/05\/visuels-vin_20236-400x300.jpg\" height=\"300\" width=\"400\" alt=\"\" class=\"slider-592 slide-605\" title=\"visuels vin_20236\" \/><\/li>\n                <li style=\"display: none; width: 100%;\" class=\"slide-606 ms-image\" aria-roledescription=\"slide\" aria-label=\"slide-606\"><img loading=\"lazy\" src=\"https:\/\/vinmesserli.com\/wp-content\/uploads\/2023\/05\/visuels-vin_20234-400x300.jpg\" height=\"300\" width=\"400\" alt=\"\" class=\"slider-592 slide-606\" title=\"visuels vin_20234\" \/><\/li>\n                <li style=\"display: none; width: 100%;\" class=\"slide-607 ms-image\" aria-roledescription=\"slide\" aria-label=\"slide-607\"><img loading=\"lazy\" src=\"https:\/\/vinmesserli.com\/wp-content\/uploads\/2025\/03\/visuels-vin_20237-400x300.jpg\" height=\"300\" width=\"400\" alt=\"\" class=\"slider-592 slide-607\" title=\"visuels vin_20237\" \/><\/li>\n            <\/ul>\n        <\/div>\n        \n    <\/div>\n<\/div>\t\t<\/div>\n\t\t\t\t<\/div>\n\t\t\t\t\t<\/div>\n\t\t<\/div>\n\t\t\t\t\t\t\t<\/div>\n\t\t<\/section>\n\t\t\t\t\t\t\t<\/div>\n\t\t","protected":false},"excerpt":{"rendered":"<p>Vins et Jus p\u00e9tillants Vous retrouverez l&rsquo;int\u00e9gralit\u00e9 de nos vins dans notre caveau \u00e0 Cerdon. LES BULLES : Perle de l&rsquo;Ain Ros\u00e9 doux et sec Perle de l&rsquo;Ain Blanc M\u00e9thode Ancestrale Raisin P\u00e9tillant (100% pur jus et sans alcool) LES TRANQUILLES Coeur de ros\u00e9 Gamay rouge \u00ab\u00a0cuv\u00e9e Andr\u00e9\u00a0\u00bb D\u00e9tail et tarifs<\/p>\n","protected":false},"author":1,"featured_media":0,"parent":0,"menu_order":0,"comment_status":"closed","ping_status":"closed","template":"","meta":[],"_links":{"self":[{"href":"https:\/\/vinmesserli.com\/index.php?rest_route=\/wp\/v2\/pages\/139"}],"collection":[{"href":"https:\/\/vinmesserli.com\/index.php?rest_route=\/wp\/v2\/pages"}],"about":[{"href":"https:\/\/vinmesserli.com\/index.php?rest_route=\/wp\/v2\/types\/page"}],"author":[{"embeddable":true,"href":"https:\/\/vinmesserli.com\/index.php?rest_route=\/wp\/v2\/users\/1"}],"replies":[{"embeddable":true,"href":"https:\/\/vinmesserli.com\/index.php?rest_route=%2Fwp%2Fv2%2Fcomments&post=139"}],"version-history":[{"count":116,"href":"https:\/\/vinmesserli.com\/index.php?rest_route=\/wp\/v2\/pages\/139\/revisions"}],"predecessor-version":[{"id":858,"href":"https:\/\/vinmesserli.com\/index.php?rest_route=\/wp\/v2\/pages\/139\/revisions\/858"}],"wp:attachment":[{"href":"https:\/\/vinmesserli.com\/index.php?rest_route=%2Fwp%2Fv2%2Fmedia&parent=139"}],"curies":[{"name":"wp","href":"https:\/\/api.w.org\/{rel}","templated":true}]}}